{"id":857,"date":"2021-11-22T00:14:49","date_gmt":"2021-11-22T05:14:49","guid":{"rendered":"https:\/\/expomangersante.com\/2026\/?page_id=857"},"modified":"2025-12-12T02:15:09","modified_gmt":"2025-12-12T07:15:09","slug":"favorites","status":"publish","type":"page","link":"https:\/\/expomangersante.com\/2026\/favorites\/","title":{"rendered":"Liste de mes conf\u00e9rences favorites"},"content":{"rendered":"\t\t<div data-elementor-type=\"wp-page\" data-elementor-id=\"857\" class=\"elementor elementor-857\" wpc-filter-elementor-widget=\"1\" data-elementor-post-type=\"page\">\n\t\t\t\t<div class=\"elementor-element elementor-element-38c0eae e-flex e-con-boxed e-con e-parent\" data-id=\"38c0eae\" data-element_type=\"container\" data-e-type=\"container\">\n\t\t\t\t\t<div class=\"e-con-inner\">\n\t\t\t\t<div class=\"elementor-element elementor-element-5f6f319 dce-posts-layout-template dce-col-3 dce-col-tablet-3 dce-col-mobile-1 elementor-widget elementor-widget-dce-dynamic-show-favorites\" data-id=\"5f6f319\" data-element_type=\"widget\" data-e-type=\"widget\" data-settings=\"{&quot;style_items&quot;:&quot;template&quot;,&quot;templatemode_linkable&quot;:&quot;yes&quot;,&quot;grid_filters_all_filter&quot;:&quot;yes&quot;,&quot;grid_filters_all_default&quot;:&quot;yes&quot;,&quot;grid_filters_grid_type&quot;:&quot;flex&quot;}\" data-widget_type=\"dce-dynamic-show-favorites.grid-filters\">\n\t\t\t\t<div class=\"elementor-widget-container\">\n\t\t\t\t\t\t\t<div class=\"dce-posts-container dce-posts \">\n\t\t\t<div class=\"dce-posts-fallback\">\n\t\t\t\t<p><p>Vous n'avez aucune conf\u00e9rence ajout\u00e9e \u00e0 vos favorites.<\/p><p>Passez <a href=\"https:\/\/expomangersante.com\/2026\/programmation\/\">voir la programmation<\/a> pour en ajouter.<\/p><\/p>\t\t\t<\/div>\n\t\t<\/div>\n\t\t\t\t\t\t<\/div>\n\t\t\t\t<\/div>\n\t\t\t\t\t<\/div>\n\t\t\t\t<\/div>\n\t\t\t\t<\/div>\n\t\t","protected":false},"excerpt":{"rendered":"<p>Toutes \/ Montr\u00e9al &#8211; Vendredi 20 mars Marie-\u00c8ve Caplette D\u00e9tentrice d&rsquo;une ma\u00eetrise en nutrition<\/p>\n","protected":false},"author":1,"featured_media":0,"parent":0,"menu_order":0,"comment_status":"closed","ping_status":"closed","template":"","meta":{"_acf_changed":false,"footnotes":"","_links_to":"","_links_to_target":""},"class_list":["post-857","page","type-page","status-publish","hentry"],"acf":[],"yoast_head":"<!-- This site is optimized with the Yoast SEO plugin v27.3 - https:\/\/yoast.com\/product\/yoast-seo-wordpress\/ -->\n<title>Liste de mes conf\u00e9rences favorites - Expo Manger Sant\u00e9 2026<\/title>\n<meta name=\"robots\" content=\"index, follow, max-snippet:-1, max-image-preview:large, max-video-preview:-1\" \/>\n<link rel=\"canonical\" href=\"https:\/\/expomangersante.com\/2026\/favorites\/\" \/>\n<meta property=\"og:locale\" content=\"fr_CA\" \/>\n<meta property=\"og:type\" content=\"article\" \/>\n<meta property=\"og:title\" content=\"Liste de mes conf\u00e9rences favorites - Expo Manger Sant\u00e9 2026\" \/>\n<meta property=\"og:description\" content=\"Toutes \/ Montr\u00e9al &#8211; Vendredi 20 mars Marie-\u00c8ve Caplette D\u00e9tentrice d&rsquo;une ma\u00eetrise en nutrition\" \/>\n<meta property=\"og:url\" content=\"https:\/\/expomangersante.com\/2026\/favorites\/\" \/>\n<meta property=\"og:site_name\" content=\"Expo Manger Sant\u00e9 2026\" \/>\n<meta property=\"article:modified_time\" content=\"2025-12-12T07:15:09+00:00\" \/>\n<meta name=\"twitter:card\" content=\"summary_large_image\" \/>\n<meta name=\"twitter:label1\" content=\"Estimation du temps de lecture\" \/>\n\t<meta name=\"twitter:data1\" content=\"1 minute\" \/>\n<script type=\"application\/ld+json\" class=\"yoast-schema-graph\">{\"@context\":\"https:\\\/\\\/schema.org\",\"@graph\":[{\"@type\":\"WebPage\",\"@id\":\"https:\\\/\\\/expomangersante.com\\\/2026\\\/favorites\\\/\",\"url\":\"https:\\\/\\\/expomangersante.com\\\/2026\\\/favorites\\\/\",\"name\":\"Liste de mes conf\u00e9rences favorites - Expo Manger Sant\u00e9 2026\",\"isPartOf\":{\"@id\":\"https:\\\/\\\/expomangersante.com\\\/2026\\\/#website\"},\"datePublished\":\"2021-11-22T05:14:49+00:00\",\"dateModified\":\"2025-12-12T07:15:09+00:00\",\"breadcrumb\":{\"@id\":\"https:\\\/\\\/expomangersante.com\\\/2026\\\/favorites\\\/#breadcrumb\"},\"inLanguage\":\"fr-CA\",\"potentialAction\":[{\"@type\":\"ReadAction\",\"target\":[\"https:\\\/\\\/expomangersante.com\\\/2026\\\/favorites\\\/\"]}]},{\"@type\":\"BreadcrumbList\",\"@id\":\"https:\\\/\\\/expomangersante.com\\\/2026\\\/favorites\\\/#breadcrumb\",\"itemListElement\":[{\"@type\":\"ListItem\",\"position\":1,\"name\":\"Accueil\",\"item\":\"https:\\\/\\\/expomangersante.com\\\/\"},{\"@type\":\"ListItem\",\"position\":2,\"name\":\"Liste de mes conf\u00e9rences favorites\"}]},{\"@type\":\"WebSite\",\"@id\":\"https:\\\/\\\/expomangersante.com\\\/2026\\\/#website\",\"url\":\"https:\\\/\\\/expomangersante.com\\\/2026\\\/\",\"name\":\"Expo Manger Sant\u00e9 2026\",\"description\":\"\",\"publisher\":{\"@id\":\"https:\\\/\\\/expomangersante.com\\\/2026\\\/#organization\"},\"potentialAction\":[{\"@type\":\"SearchAction\",\"target\":{\"@type\":\"EntryPoint\",\"urlTemplate\":\"https:\\\/\\\/expomangersante.com\\\/2026\\\/?s={search_term_string}\"},\"query-input\":{\"@type\":\"PropertyValueSpecification\",\"valueRequired\":true,\"valueName\":\"search_term_string\"}}],\"inLanguage\":\"fr-CA\"},{\"@type\":\"Organization\",\"@id\":\"https:\\\/\\\/expomangersante.com\\\/2026\\\/#organization\",\"name\":\"Expo Manger Sant\u00e9\",\"url\":\"https:\\\/\\\/expomangersante.com\\\/2026\\\/\",\"logo\":{\"@type\":\"ImageObject\",\"inLanguage\":\"fr-CA\",\"@id\":\"https:\\\/\\\/expomangersante.com\\\/2026\\\/#\\\/schema\\\/logo\\\/image\\\/\",\"url\":\"https:\\\/\\\/expomangersante.com\\\/2026\\\/wp-content\\\/uploads\\\/2025\\\/09\\\/EMS-Logo-2026-Vertical-vert_RVB_web.png\",\"contentUrl\":\"https:\\\/\\\/expomangersante.com\\\/2026\\\/wp-content\\\/uploads\\\/2025\\\/09\\\/EMS-Logo-2026-Vertical-vert_RVB_web.png\",\"width\":800,\"height\":800,\"caption\":\"Expo Manger Sant\u00e9\"},\"image\":{\"@id\":\"https:\\\/\\\/expomangersante.com\\\/2026\\\/#\\\/schema\\\/logo\\\/image\\\/\"}}]}<\/script>\n<!-- \/ Yoast SEO plugin. -->","yoast_head_json":{"title":"Liste de mes conf\u00e9rences favorites - Expo Manger Sant\u00e9 2026","robots":{"index":"index","follow":"follow","max-snippet":"max-snippet:-1","max-image-preview":"max-image-preview:large","max-video-preview":"max-video-preview:-1"},"canonical":"https:\/\/expomangersante.com\/2026\/favorites\/","og_locale":"fr_CA","og_type":"article","og_title":"Liste de mes conf\u00e9rences favorites - Expo Manger Sant\u00e9 2026","og_description":"Toutes \/ Montr\u00e9al &#8211; Vendredi 20 mars Marie-\u00c8ve Caplette D\u00e9tentrice d&rsquo;une ma\u00eetrise en nutrition","og_url":"https:\/\/expomangersante.com\/2026\/favorites\/","og_site_name":"Expo Manger Sant\u00e9 2026","article_modified_time":"2025-12-12T07:15:09+00:00","twitter_card":"summary_large_image","twitter_misc":{"Estimation du temps de lecture":"1 minute"},"schema":{"@context":"https:\/\/schema.org","@graph":[{"@type":"WebPage","@id":"https:\/\/expomangersante.com\/2026\/favorites\/","url":"https:\/\/expomangersante.com\/2026\/favorites\/","name":"Liste de mes conf\u00e9rences favorites - Expo Manger Sant\u00e9 2026","isPartOf":{"@id":"https:\/\/expomangersante.com\/2026\/#website"},"datePublished":"2021-11-22T05:14:49+00:00","dateModified":"2025-12-12T07:15:09+00:00","breadcrumb":{"@id":"https:\/\/expomangersante.com\/2026\/favorites\/#breadcrumb"},"inLanguage":"fr-CA","potentialAction":[{"@type":"ReadAction","target":["https:\/\/expomangersante.com\/2026\/favorites\/"]}]},{"@type":"BreadcrumbList","@id":"https:\/\/expomangersante.com\/2026\/favorites\/#breadcrumb","itemListElement":[{"@type":"ListItem","position":1,"name":"Accueil","item":"https:\/\/expomangersante.com\/"},{"@type":"ListItem","position":2,"name":"Liste de mes conf\u00e9rences favorites"}]},{"@type":"WebSite","@id":"https:\/\/expomangersante.com\/2026\/#website","url":"https:\/\/expomangersante.com\/2026\/","name":"Expo Manger Sant\u00e9 2026","description":"","publisher":{"@id":"https:\/\/expomangersante.com\/2026\/#organization"},"potentialAction":[{"@type":"SearchAction","target":{"@type":"EntryPoint","urlTemplate":"https:\/\/expomangersante.com\/2026\/?s={search_term_string}"},"query-input":{"@type":"PropertyValueSpecification","valueRequired":true,"valueName":"search_term_string"}}],"inLanguage":"fr-CA"},{"@type":"Organization","@id":"https:\/\/expomangersante.com\/2026\/#organization","name":"Expo Manger Sant\u00e9","url":"https:\/\/expomangersante.com\/2026\/","logo":{"@type":"ImageObject","inLanguage":"fr-CA","@id":"https:\/\/expomangersante.com\/2026\/#\/schema\/logo\/image\/","url":"https:\/\/expomangersante.com\/2026\/wp-content\/uploads\/2025\/09\/EMS-Logo-2026-Vertical-vert_RVB_web.png","contentUrl":"https:\/\/expomangersante.com\/2026\/wp-content\/uploads\/2025\/09\/EMS-Logo-2026-Vertical-vert_RVB_web.png","width":800,"height":800,"caption":"Expo Manger Sant\u00e9"},"image":{"@id":"https:\/\/expomangersante.com\/2026\/#\/schema\/logo\/image\/"}}]}},"_links":{"self":[{"href":"https:\/\/expomangersante.com\/2026\/wp-json\/wp\/v2\/pages\/857","targetHints":{"allow":["GET"]}}],"collection":[{"href":"https:\/\/expomangersante.com\/2026\/wp-json\/wp\/v2\/pages"}],"about":[{"href":"https:\/\/expomangersante.com\/2026\/wp-json\/wp\/v2\/types\/page"}],"author":[{"embeddable":true,"href":"https:\/\/expomangersante.com\/2026\/wp-json\/wp\/v2\/users\/1"}],"replies":[{"embeddable":true,"href":"https:\/\/expomangersante.com\/2026\/wp-json\/wp\/v2\/comments?post=857"}],"version-history":[{"count":8,"href":"https:\/\/expomangersante.com\/2026\/wp-json\/wp\/v2\/pages\/857\/revisions"}],"predecessor-version":[{"id":6813,"href":"https:\/\/expomangersante.com\/2026\/wp-json\/wp\/v2\/pages\/857\/revisions\/6813"}],"wp:attachment":[{"href":"https:\/\/expomangersante.com\/2026\/wp-json\/wp\/v2\/media?parent=857"}],"curies":[{"name":"wp","href":"https:\/\/api.w.org\/{rel}","templated":true}]}}